{"id":7,"date":"2018-07-14T10:18:56","date_gmt":"2018-07-14T08:18:56","guid":{"rendered":"http:\/\/mwsailing.fr\/_dev\/?page_id=7"},"modified":"2022-02-19T13:53:14","modified_gmt":"2022-02-19T11:53:14","slug":"accueil","status":"publish","type":"page","link":"https:\/\/agosailing.com\/","title":{"rendered":"accueil"},"content":{"rendered":"<p style=\"text-align: center;\"><div class=\"fusion-fullwidth fullwidth-box fusion-builder-row-1 hundred-percent-fullwidth non-hundred-percent-height-scrolling\" style=\"--awb-border-radius-top-left:0px;--awb-border-radius-top-right:0px;--awb-border-radius-bottom-right:0px;--awb-border-radius-bottom-left:0px;--awb-overflow:visible;\" ><div class=\"fusion-builder-row fusion-row\"><div class=\"fusion-layout-column fusion_builder_column fusion-builder-column-0 fusion_builder_column_1_2 1_2 fusion-one-half fusion-column-first\" style=\"--awb-bg-size:cover;width:48%; margin-right: 4%;\"><div class=\"fusion-column-wrapper fusion-flex-column-wrapper-legacy\"><div class=\"fusion-title title fusion-title-1 fusion-sep-none fusion-title-text fusion-title-size-one\"><h1 class=\"title-heading-left\" style=\"margin:0;\"><b>SORTIE EN MER OU R\u00c9GATE ?<\/b><br \/>\nFAITES-LE \u00c0 BORD DE&nbsp;:<br \/>\nADRENALINE, FORREST GUMP, ENJOY CATA, TAMARIN, MISTER FIPS, JOLLY RED, ENZO&#8230;<\/h1><\/div><div class=\"fusion-clearfix\"><\/div><\/div><\/div><div class=\"fusion-layout-column fusion_builder_column fusion-builder-column-1 fusion_builder_column_1_2 1_2 fusion-one-half fusion-column-last\" style=\"--awb-bg-size:cover;width:48%;\"><div class=\"fusion-column-wrapper fusion-flex-column-wrapper-legacy\"><div class=\"fusion-text fusion-text-1\"><p>location bateau voilier catamaran marseille cannes m\u00e9diterran\u00e9e antilles<\/p>\n<p style=\"text-align: left;\"><strong>GOSAILING <\/strong>vous propose de <strong>naviguer sur des voiliers performants<\/strong> pour vous procurer des <strong>sensations extr\u00eames.<\/strong><br \/>\nC\u2019est une exp\u00e9rience originale, prestigieuse, enrichissante, sportive, humaine et accessible \u00e0 tous sans qualifications particuli\u00e8res.<\/p>\n<p style=\"text-align: left;\"><em><strong>Et devenez co-\u00e9quipier sur une course en r\u00e9el !<\/strong><\/em><\/p>\n<p style=\"text-align: right;\"><em><strong>Cr\u00e9er votre propre record \u00e0 la voile <\/strong><\/em><em><strong>!<\/strong><\/em><\/p>\n<h3>\u00a0\u00bbIsland Record\u00a0\u00bb of Marseille<\/h3>\n<p><img decoding=\"async\" class=\"wp-image-653  aligncenter\" src=\"https:\/\/agosailing.com\/wp-content\/uploads\/2019\/02\/carte-marine-parcours-islands-cup-2.jpg\" alt=\"\" width=\"538\" height=\"570\" srcset=\"https:\/\/agosailing.com\/wp-content\/uploads\/2019\/02\/carte-marine-parcours-islands-cup-2-200x212.jpg 200w, https:\/\/agosailing.com\/wp-content\/uploads\/2019\/02\/carte-marine-parcours-islands-cup-2-283x300.jpg 283w, https:\/\/agosailing.com\/wp-content\/uploads\/2019\/02\/carte-marine-parcours-islands-cup-2-400x424.jpg 400w, https:\/\/agosailing.com\/wp-content\/uploads\/2019\/02\/carte-marine-parcours-islands-cup-2-600x636.jpg 600w, https:\/\/agosailing.com\/wp-content\/uploads\/2019\/02\/carte-marine-parcours-islands-cup-2-768x814.jpg 768w, https:\/\/agosailing.com\/wp-content\/uploads\/2019\/02\/carte-marine-parcours-islands-cup-2-800x848.jpg 800w, https:\/\/agosailing.com\/wp-content\/uploads\/2019\/02\/carte-marine-parcours-islands-cup-2-967x1024.jpg 967w, https:\/\/agosailing.com\/wp-content\/uploads\/2019\/02\/carte-marine-parcours-islands-cup-2.jpg 1110w\" sizes=\"(max-width: 538px) 100vw, 538px\" \/><\/p>\n<h3 style=\"text-align: right;\"><em><strong>Et, la gamme croiseur, catamaran <\/strong><\/em><\/h3>\n<h3 style=\"text-align: right;\"><em><strong>et semi rigide d&rsquo;exception &nbsp;!<\/strong><\/em><\/h3>\n<\/div><div class=\"fusion-clearfix\"><\/div><\/div><\/div><div class=\"fusion-layout-column fusion_builder_column fusion-builder-column-2 fusion_builder_column_1_1 1_1 fusion-one-full fusion-column-first fusion-column-last\" style=\"--awb-bg-size:cover;\"><div class=\"fusion-column-wrapper fusion-flex-column-wrapper-legacy\"><div class=\"fusion-sep-clear\"><\/div><div class=\"fusion-separator fusion-full-width-sep\" style=\"margin-left: auto;margin-right: auto;width:100%;\"><div class=\"fusion-separator-border sep-single sep-dotted\" style=\"--awb-height:20px;--awb-amount:20px;--awb-sep-color:#1d7bab;border-color:#1d7bab;border-top-width:1px;\"><\/div><\/div><div class=\"fusion-sep-clear\"><\/div><div class=\"fusion-clearfix\"><\/div><\/div><\/div><div class=\"fusion-layout-column fusion_builder_column fusion-builder-column-3 fusion_builder_column_1_1 1_1 fusion-one-full fusion-column-first fusion-column-last\" style=\"--awb-bg-size:cover;\"><div class=\"fusion-column-wrapper fusion-flex-column-wrapper-legacy\"><div class=\"fusion-title title fusion-title-2 fusion-sep-none fusion-title-text fusion-title-size-one\"><h1 class=\"title-heading-left\" style=\"margin:0;\">LES R\u00c9GATES \u00c0 VENIR !<\/h1><\/div><div class=\"fusion-clearfix\"><\/div><\/div><\/div><div class=\"fusion-layout-column fusion_builder_column fusion-builder-column-4 fusion_builder_column_1_1 1_1 fusion-one-full fusion-column-first fusion-column-last\" style=\"--awb-bg-size:cover;\"><div class=\"fusion-column-wrapper fusion-flex-column-wrapper-legacy\"><div class=\"fusion-clearfix\"><\/div><\/div><\/div><\/div><\/div><\/p>\n<p style=\"text-align: center;\"><img decoding=\"async\" class=\"alignnone wp-image-683 \" src=\"https:\/\/agosailing.com\/wp-content\/uploads\/2019\/04\/Logo-Quantum-sail.png\" alt=\"\" width=\"258\" height=\"48\" srcset=\"https:\/\/agosailing.com\/wp-content\/uploads\/2019\/04\/Logo-Quantum-sail-200x37.png 200w, https:\/\/agosailing.com\/wp-content\/uploads\/2019\/04\/Logo-Quantum-sail-300x56.png 300w, https:\/\/agosailing.com\/wp-content\/uploads\/2019\/04\/Logo-Quantum-sail-400x74.png 400w, https:\/\/agosailing.com\/wp-content\/uploads\/2019\/04\/Logo-Quantum-sail.png 521w\" sizes=\"(max-width: 258px) 100vw, 258px\" \/><br \/>\n<strong><em>\u00ab\u00a0Point Relais Quantum\u00a0\u00bb le partenaire de vos d\u00e9fis !<\/em><\/strong><\/p>\n<p style=\"text-align: center;\"><em>Ce site utilise des cookies pour vous offrir le meilleur service. <\/em><em>En poursuivant votre navigation, vous acceptez l&rsquo;utilisation des cookies.<\/em><\/p>\n","protected":false},"excerpt":{"rendered":"<p>\u00ab\u00a0Point Relais Quantum\u00a0\u00bb le partenaire de vos d\u00e9fis ! Ce site utilise des cookies pour vous offrir le meilleur service. En poursuivant votre navigation, vous acceptez l&rsquo;utilisation des cookies.<\/p>\n","protected":false},"author":1,"featured_media":0,"parent":0,"menu_order":0,"comment_status":"closed","ping_status":"closed","template":"","meta":[],"_links":{"self":[{"href":"https:\/\/agosailing.com\/index.php\/wp-json\/wp\/v2\/pages\/7"}],"collection":[{"href":"https:\/\/agosailing.com\/index.php\/wp-json\/wp\/v2\/pages"}],"about":[{"href":"https:\/\/agosailing.com\/index.php\/wp-json\/wp\/v2\/types\/page"}],"author":[{"embeddable":true,"href":"https:\/\/agosailing.com\/index.php\/wp-json\/wp\/v2\/users\/1"}],"replies":[{"embeddable":true,"href":"https:\/\/agosailing.com\/index.php\/wp-json\/wp\/v2\/comments?post=7"}],"version-history":[{"count":93,"href":"https:\/\/agosailing.com\/index.php\/wp-json\/wp\/v2\/pages\/7\/revisions"}],"predecessor-version":[{"id":928,"href":"https:\/\/agosailing.com\/index.php\/wp-json\/wp\/v2\/pages\/7\/revisions\/928"}],"wp:attachment":[{"href":"https:\/\/agosailing.com\/index.php\/wp-json\/wp\/v2\/media?parent=7"}],"curies":[{"name":"wp","href":"https:\/\/api.w.org\/{rel}","templated":true}]}}