{"id":47,"date":"2016-03-22T23:48:08","date_gmt":"2016-03-22T22:48:08","guid":{"rendered":"http:\/\/mwsailing.fr\/_dev\/?page_id=47"},"modified":"2022-02-17T23:41:09","modified_gmt":"2022-02-17T21:41:09","slug":"contact","status":"publish","type":"page","link":"https:\/\/agosailing.com\/index.php\/contact\/","title":{"rendered":"Tarifs &#038; Contact"},"content":{"rendered":"<p><div class=\"fusion-fullwidth fullwidth-box fusion-builder-row-1 nonhundred-percent-fullwidth non-hundred-percent-height-scrolling\" style=\"--awb-background-position:left top;--awb-border-radius-top-left:0px;--awb-border-radius-top-right:0px;--awb-border-radius-bottom-right:0px;--awb-border-radius-bottom-left:0px;--awb-padding-top:20px;--awb-padding-bottom:20px;--awb-border-sizes-top:0px;--awb-border-sizes-bottom:0px;\" ><div class=\"fusion-builder-row fusion-row\"><div class=\"fusion-layout-column fusion_builder_column fusion-builder-column-0 fusion_builder_column_1_1 1_1 fusion-one-full fusion-column-first fusion-column-last fusion-column-no-min-height\" style=\"--awb-bg-size:cover;--awb-margin-bottom:0px;\"><div class=\"fusion-column-wrapper fusion-flex-column-wrapper-legacy\">\t\t\t\t\t<script type=\"text\/javascript\">\n\t\t\t\t\t\tvar map_fusion_map_69e516533f3b6;\n\t\t\t\t\t\tvar markers = [];\n\t\t\t\t\t\tvar counter = 0;\n\t\t\t\t\t\t\t\t\t\t\t\t\t\t\t\t\t\t\t\tvar fusionMapNonce = '42b3e1c2c3';\n\t\t\t\t\t\t\t\t\t\t\t\tfunction fusion_run_map_fusion_map_69e516533f3b6() {\n\t\t\t\t\t\t\tjQuery('#fusion_map_69e516533f3b6').fusion_maps({\n\t\t\t\t\t\t\t\taddresses: [{\"address\":\"Marseille , France\",\"infobox_content\":\"\",\"coordinates\":false,\"cache\":true,\"latitude\":\"43.296482\",\"longitude\":\"5.369779999999992\"}],\n\t\t\t\t\t\t\t\tanimations: true,\n\t\t\t\t\t\t\t\tinfobox_background_color: '',\n\t\t\t\t\t\t\t\tinfobox_styling: 'default',\n\t\t\t\t\t\t\t\tinfobox_text_color: '',\n\t\t\t\t\t\t\t\tmap_style: 'custom',\n\t\t\t\t\t\t\t\tmap_type: 'roadmap',\n\t\t\t\t\t\t\t\tmarker_icon: '',\n\t\t\t\t\t\t\t\toverlay_color: '#cccccc',\n\t\t\t\t\t\t\t\toverlay_color_hsl: {\"hue\":0,\"sat\":0,\"lum\":80},\n\t\t\t\t\t\t\t\tpan_control: true,\n\t\t\t\t\t\t\t\tshow_address: true,\n\t\t\t\t\t\t\t\tscale_control: true,\n\t\t\t\t\t\t\t\tscrollwheel: false,\n\t\t\t\t\t\t\t\tzoom: 9,\n\t\t\t\t\t\t\t\tzoom_control: true,\n\t\t\t\t\t\t\t});\n\t\t\t\t\t\t}\n\n\t\t\t\t\t\tgoogle.maps.event.addDomListener(window, 'load', fusion_run_map_fusion_map_69e516533f3b6);\n\t\t\t\t\t<\/script>\n\t\t\t\t\t<div class=\"shortcode-map fusion-google-map fusion-maps-js-type\" id=\"fusion_map_69e516533f3b6\"><\/div><div class=\"fusion-clearfix\"><\/div><\/div><\/div><\/div><\/div><div class=\"fusion-fullwidth fullwidth-box fusion-builder-row-2 hundred-percent-fullwidth non-hundred-percent-height-scrolling\" style=\"--awb-border-radius-top-left:0px;--awb-border-radius-top-right:0px;--awb-border-radius-bottom-right:0px;--awb-border-radius-bottom-left:0px;--awb-overflow:visible;\" ><div class=\"fusion-builder-row fusion-row\"><div class=\"fusion-layout-column fusion_builder_column fusion-builder-column-1 fusion_builder_column_1_2 1_2 fusion-one-half fusion-column-first\" style=\"--awb-bg-size:cover;width:48%; margin-right: 4%;\"><div class=\"fusion-column-wrapper fusion-flex-column-wrapper-legacy\"><div class=\"fusion-title title fusion-title-1 sep-underline sep-dotted fusion-title-text fusion-title-size-one\"><h1 class=\"title-heading-left\" style=\"margin:0;\">TARIFS<\/h1><\/div><div class=\"fusion-clearfix\"><\/div><\/div><\/div><div class=\"fusion-layout-column fusion_builder_column fusion-builder-column-2 fusion_builder_column_1_2 1_2 fusion-one-half fusion-column-last\" style=\"--awb-bg-size:cover;width:48%;\"><div class=\"fusion-column-wrapper fusion-flex-column-wrapper-legacy\"><div class=\"fusion-title title fusion-title-2 sep-underline sep-dotted fusion-title-text fusion-title-size-one\"><h1 class=\"title-heading-left\" style=\"margin:0;\">CONTACT ET R\u00c9SERVATION<\/h1><\/div><div class=\"fusion-clearfix\"><\/div><\/div><\/div><div class=\"fusion-layout-column fusion_builder_column fusion-builder-column-3 fusion_builder_column_1_2 1_2 fusion-one-half fusion-column-first\" style=\"--awb-bg-size:cover;width:48%; margin-right: 4%;\"><div class=\"fusion-column-wrapper fusion-flex-column-wrapper-legacy\"><div class=\"fusion-text fusion-text-1\"><p><strong>TARIFS LOCATION DE BATEAUX<br \/>\n<\/strong><br \/>\nPour toutes autres demandes, nous consulter.<\/p>\n<\/div><div class=\"fusion-clearfix\"><\/div><\/div><\/div><div class=\"fusion-layout-column fusion_builder_column fusion-builder-column-4 fusion_builder_column_1_2 1_2 fusion-one-half fusion-column-last\" style=\"--awb-bg-size:cover;width:48%;\"><div class=\"fusion-column-wrapper fusion-flex-column-wrapper-legacy\"><div class=\"fusion-text fusion-text-2\"><p><em> Nos cordonn\u00e9es<\/em><strong><br \/>\n<\/strong><\/p>\n<p><strong>GOSAILING<\/strong><\/p>\n<p>31, Rue Chevalier Paul<\/p>\n<p>83000 TOULON<\/p>\n<p>R.C.S 881 696 934<\/p>\n<p><b>HORAIRES D&rsquo;OUVERTURE<\/b><br \/>\nLundi-Vendredi<br \/>\n08h00-12h00 \/ 13h30-19h00<\/p>\n<h2>Vous avez une question ou souhaitez nous contacter ?<\/h2>\n<h3>Merci de bien vouloir remplir les champs suivant afin de nous faire part de votre demande !<\/h3>\n<h3>O\u00f9 directement par t\u00e9l\u00e9phone : + 33 (0) 781 205 477<\/h3>\n<\/div><div class=\"fusion-clearfix\"><\/div><\/div><\/div><div class=\"fusion-layout-column fusion_builder_column fusion-builder-column-5 fusion_builder_column_1_4 1_4 fusion-one-fourth fusion-column-first\" style=\"--awb-bg-size:cover;width:22%; margin-right: 4%;\"><div class=\"fusion-column-wrapper fusion-flex-column-wrapper-legacy\"><div class=\"fusion-flip-boxes flip-boxes row fusion-columns-1 flip-effect-classic\">\n<div class=\"fusion-flip-box-wrapper fusion-column col-lg-12 col-md-12 col-sm-12\"><div class=\"fusion-flip-box flip-right\" tabindex=\"0\"><div class=\"flip-box-inner-wrapper\"><div class=\"flip-box-front\" style=\"--awb-icon-color:#1d7bab;--awb-border-size:1px;--awb-border-radius:4px;--awb-circle-color:#ffffff;--awb-circle-border-color:#ffffff;--awb-background-color-front:#1d7bab;--awb-title-front-color:#ffffff;--awb-text-front-color:#ffffff;\"><div class=\"flip-box-front-inner\"><div class=\"flip-box-grafix flip-box-circle\"><i aria-hidden=\"true\" class=\" fa fa-star\"><\/i><\/div><h2 class=\"flip-box-heading\">ADR\u00c9NALINE<\/h2>Sidney 46\u2019<\/div><\/div><div class=\"flip-box-back\" style=\"--awb-icon-color:#1d7bab;--awb-border-size:1px;--awb-border-radius:4px;--awb-circle-color:#ffffff;--awb-circle-border-color:#ffffff;--awb-background-color-back:#efefef;--awb-title-back-color:#1d7bab;--awb-text-back-color:#1d7bab;\"><div class=\"flip-box-back-inner\"><h3 class=\"flip-box-heading-back\">ADR\u00c9NALINE<\/h3>\n<p>A partir de<br \/>\n<strong>560\u00a0euro TTC<br \/>\n<\/strong>&#8211;<br \/>\n<strong>12 personnes\u00a0maxi<\/strong><\/p>\n<\/div><\/div><\/div><\/div><\/div><div class=\"fusion-flip-box-wrapper fusion-column col-lg-12 col-md-12 col-sm-12\"><div class=\"fusion-flip-box flip-right\" tabindex=\"0\"><div class=\"flip-box-inner-wrapper\"><div class=\"flip-box-front\" style=\"--awb-icon-color:#1d7bab;--awb-border-color:#ffffff;--awb-border-size:1px;--awb-border-radius:4px;--awb-circle-color:#ffffff;--awb-circle-border-color:#ffffff;--awb-background-color-front:#1d7bab;--awb-title-front-color:#ffffff;--awb-text-front-color:#ffffff;\"><div class=\"flip-box-front-inner\"><div class=\"flip-box-grafix flip-box-circle\"><i aria-hidden=\"true\" class=\" fa fa-star\"><\/i><\/div><h2 class=\"flip-box-heading\">FORREST GUMP<\/h2>JTA 40\u2019<\/div><\/div><div class=\"flip-box-back\" style=\"--awb-icon-color:#1d7bab;--awb-border-color:#ffffff;--awb-border-size:1px;--awb-border-radius:4px;--awb-circle-color:#ffffff;--awb-circle-border-color:#ffffff;--awb-background-color-back:#efefef;--awb-title-back-color:#1d7bab;--awb-text-back-color:#1d7bab;\"><div class=\"flip-box-back-inner\"><h3 class=\"flip-box-heading-back\">FORREST GUMP<\/h3>\n<p>A partir de<br \/>\n<strong>360\u00a0euro TTC<br \/>\n<\/strong>&#8211;<br \/>\n<strong>8 personnes maxi<\/strong><\/p>\n<\/div><\/div><\/div><\/div><\/div><div class=\"fusion-flip-box-wrapper fusion-column col-lg-12 col-md-12 col-sm-12\"><div class=\"fusion-flip-box flip-right\" tabindex=\"0\"><div class=\"flip-box-inner-wrapper\"><div class=\"flip-box-front\" style=\"--awb-icon-color:#1d7bab;--awb-border-size:1px;--awb-border-radius:4px;--awb-circle-color:#ffffff;--awb-circle-border-color:#ffffff;--awb-background-color-front:#1d7bab;--awb-title-front-color:#ffffff;--awb-text-front-color:#ffffff;\"><div class=\"flip-box-front-inner\"><div class=\"flip-box-grafix flip-box-circle\"><i aria-hidden=\"true\" class=\" fa fa-star\"><\/i><\/div><h2 class=\"flip-box-heading\">ENJOY CATA<\/h2>Lagoon 450 S<\/div><\/div><div class=\"flip-box-back\" style=\"--awb-icon-color:#1d7bab;--awb-border-size:1px;--awb-border-radius:4px;--awb-circle-color:#ffffff;--awb-circle-border-color:#ffffff;--awb-background-color-back:#efefef;--awb-title-back-color:#1d7bab;--awb-text-back-color:#1d7bab;\"><div class=\"flip-box-back-inner\"><h3 class=\"flip-box-heading-back\">ENJOY Cata<\/h3>\n<p>\u00c0\u00a0partir de<br \/>\n<strong>1440 euro TTC<\/strong><br \/>\n&#8211;<br \/>\n<strong>18 personnes\u00a0maxi<\/strong><\/p>\n<\/div><\/div><\/div><\/div><\/div><\/div><div class=\"clearfix\"><\/div><div class=\"fusion-clearfix\"><\/div><\/div><\/div><div class=\"fusion-layout-column fusion_builder_column fusion-builder-column-6 fusion_builder_column_1_4 1_4 fusion-one-fourth\" style=\"--awb-bg-size:cover;width:22%; margin-right: 4%;\"><div class=\"fusion-column-wrapper fusion-flex-column-wrapper-legacy\"><div class=\"fusion-flip-boxes flip-boxes row fusion-columns-1 flip-effect-classic\"><div class=\"fusion-flip-box-wrapper fusion-column col-lg-12 col-md-12 col-sm-12\"><div class=\"fusion-flip-box flip-right\" tabindex=\"0\"><div class=\"flip-box-inner-wrapper\"><div class=\"flip-box-front\" style=\"--awb-icon-color:#1d7bab;--awb-border-size:1px;--awb-border-radius:4px;--awb-circle-color:#ffffff;--awb-circle-border-color:#ffffff;--awb-background-color-front:#1d7bab;--awb-title-front-color:#ffffff;--awb-text-front-color:#ffffff;\"><div class=\"flip-box-front-inner\"><div class=\"flip-box-grafix flip-box-circle\"><i aria-hidden=\"true\" class=\" fa fa-star\"><\/i><\/div><h2 class=\"flip-box-heading\">TAMARIN<\/h2>Solaris 47<\/div><\/div><div class=\"flip-box-back\" style=\"--awb-icon-color:#1d7bab;--awb-border-size:1px;--awb-border-radius:4px;--awb-circle-color:#ffffff;--awb-circle-border-color:#ffffff;--awb-background-color-back:#efefef;--awb-title-back-color:#1d7bab;--awb-text-back-color:#1d7bab;\"><div class=\"flip-box-back-inner\"><h3 class=\"flip-box-heading-back\">TAMARIN<\/h3>\n<p>A partir de<br \/>\n<strong>650\u00a0euro TTC<br \/>\n<\/strong>&#8211;<br \/>\n<strong>12 personnes\u00a0maxi<\/strong><\/p>\n<\/div><\/div><\/div><\/div><\/div><div class=\"fusion-flip-box-wrapper fusion-column col-lg-12 col-md-12 col-sm-12\"><div class=\"fusion-flip-box flip-right\" tabindex=\"0\"><div class=\"flip-box-inner-wrapper\"><div class=\"flip-box-front\" style=\"--awb-icon-color:#1d7bab;--awb-border-color:#ffffff;--awb-border-size:1px;--awb-border-radius:4px;--awb-circle-color:#ffffff;--awb-circle-border-color:#ffffff;--awb-background-color-front:#1d7bab;--awb-title-front-color:#ffffff;--awb-text-front-color:#ffffff;\"><div class=\"flip-box-front-inner\"><div class=\"flip-box-grafix flip-box-circle\"><i aria-hidden=\"true\" class=\" fa fa-star\"><\/i><\/div><h2 class=\"flip-box-heading\">ENZO Speed boat<\/h2>Nuova Jolly 34<\/div><\/div><div class=\"flip-box-back\" style=\"--awb-icon-color:#1d7bab;--awb-border-color:#ffffff;--awb-border-size:1px;--awb-border-radius:4px;--awb-circle-color:#ffffff;--awb-circle-border-color:#ffffff;--awb-background-color-back:#efefef;--awb-title-back-color:#1d7bab;--awb-text-back-color:#1d7bab;\"><div class=\"flip-box-back-inner\"><h3 class=\"flip-box-heading-back\">ENZO Speed boat<\/h3>\n<p>A partir de<br \/>\n<strong>1000 euro TTC<br \/>\n<\/strong>&#8211;<br \/>\n<strong>10 personnes maxi<\/strong><\/p>\n<\/div><\/div><\/div><\/div><\/div><div class=\"fusion-flip-box-wrapper fusion-column col-lg-12 col-md-12 col-sm-12\"><div class=\"fusion-flip-box flip-right\" tabindex=\"0\"><div class=\"flip-box-inner-wrapper\"><div class=\"flip-box-front\" style=\"--awb-icon-color:#1d7bab;--awb-border-color:#ffffff;--awb-border-size:1px;--awb-border-radius:4px;--awb-circle-color:#ffffff;--awb-circle-border-color:#ffffff;--awb-background-color-front:#1d7bab;--awb-title-front-color:#ffffff;--awb-text-front-color:#ffffff;\"><div class=\"flip-box-front-inner\"><div class=\"flip-box-grafix flip-box-circle\"><i aria-hidden=\"true\" class=\" fa fa-star\"><\/i><\/div><h2 class=\"flip-box-heading\">MR FIPS<\/h2>Vaton 57<\/div><\/div><div class=\"flip-box-back\" style=\"--awb-icon-color:#1d7bab;--awb-border-color:#ffffff;--awb-border-size:1px;--awb-border-radius:4px;--awb-circle-color:#ffffff;--awb-circle-border-color:#ffffff;--awb-background-color-back:#efefef;--awb-title-back-color:#1d7bab;--awb-text-back-color:#1d7bab;\"><div class=\"flip-box-back-inner\"><h3 class=\"flip-box-heading-back\">MR FIPS<\/h3>\n<p>A partir de<br \/>\n<strong>710 euro TTC<br \/>\n<\/strong>&#8211;<br \/>\n<strong>15 personnes maxi<\/strong><\/p>\n<\/div><\/div><\/div><\/div><\/div><div class=\"fusion-flip-box-wrapper fusion-column col-lg-12 col-md-12 col-sm-12\"><div class=\"fusion-flip-box flip-right\" tabindex=\"0\"><div class=\"flip-box-inner-wrapper\"><div class=\"flip-box-front\" style=\"--awb-icon-color:#1d7bab;--awb-border-color:#ffffff;--awb-border-size:1px;--awb-border-radius:4px;--awb-circle-color:#ffffff;--awb-circle-border-color:#ffffff;--awb-background-color-front:#1d7bab;--awb-title-front-color:#ffffff;--awb-text-front-color:#ffffff;\"><div class=\"flip-box-front-inner\"><div class=\"flip-box-grafix flip-box-circle\"><i aria-hidden=\"true\" class=\" fa fa-star\"><\/i><\/div><h2 class=\"flip-box-heading\">JOLLY RED<\/h2>Sun Odyssey 49 DS<\/div><\/div><div class=\"flip-box-back\" style=\"--awb-icon-color:#1d7bab;--awb-border-color:#ffffff;--awb-border-size:1px;--awb-border-radius:4px;--awb-circle-color:#ffffff;--awb-circle-border-color:#ffffff;--awb-background-color-back:#efefef;--awb-title-back-color:#1d7bab;--awb-text-back-color:#1d7bab;\"><div class=\"flip-box-back-inner\"><h3 class=\"flip-box-heading-back\">Jolly Red<\/h3>\n<p>A partir de<br \/>\n<strong>590 euro TTC<br \/>\n<\/strong>&#8211;<br \/>\n<strong>12 personnes maxi<\/strong><\/p>\n<\/div><\/div><\/div><\/div><\/div><\/div><div class=\"clearfix\"><\/div><div class=\"fusion-clearfix\"><\/div><\/div><\/div><div class=\"fusion-layout-column fusion_builder_column fusion-builder-column-7 fusion_builder_column_1_2 1_2 fusion-one-half fusion-column-last\" style=\"--awb-bg-size:cover;width:48%;\"><div class=\"fusion-column-wrapper fusion-flex-column-wrapper-legacy\"><div class=\"fusion-text fusion-text-3\">\n<div class=\"wpcf7 no-js\" id=\"wpcf7-f177-o1\" lang=\"fr-FR\" dir=\"ltr\">\n<div class=\"screen-reader-response\"><p role=\"status\" aria-live=\"polite\" aria-atomic=\"true\"><\/p> <ul><\/ul><\/div>\n<form action=\"\/index.php\/wp-json\/wp\/v2\/pages\/47#wpcf7-f177-o1\" method=\"post\" class=\"wpcf7-form init\" aria-label=\"Formulaire de contact\" novalidate=\"novalidate\" data-status=\"init\">\n<div style=\"display: none;\">\n<input type=\"hidden\" name=\"_wpcf7\" value=\"177\" \/>\n<input type=\"hidden\" name=\"_wpcf7_version\" value=\"5.7.4\" \/>\n<input type=\"hidden\" name=\"_wpcf7_locale\" value=\"fr_FR\" \/>\n<input type=\"hidden\" name=\"_wpcf7_unit_tag\" value=\"wpcf7-f177-o1\" \/>\n<input type=\"hidden\" name=\"_wpcf7_container_post\" value=\"0\" \/>\n<input type=\"hidden\" name=\"_wpcf7_posted_data_hash\" value=\"\" \/>\n<\/div>\n<p>Votre nom (obligatoire)\n<\/p>\n<p><span class=\"wpcf7-form-control-wrap\" data-name=\"your-name\"><input size=\"40\" class=\"wpcf7-form-control wpcf7-text wpcf7-validates-as-required\" aria-required=\"true\" aria-invalid=\"false\" value=\"\" type=\"text\" name=\"your-name\" \/><\/span>\n<\/p>\n<p>Votre email (obligatoire)\n<\/p>\n<p><span class=\"wpcf7-form-control-wrap\" data-name=\"your-email\"><input size=\"40\" class=\"wpcf7-form-control wpcf7-text wpcf7-email wpcf7-validates-as-required wpcf7-validates-as-email\" aria-required=\"true\" aria-invalid=\"false\" value=\"\" type=\"email\" name=\"your-email\" \/><\/span>\n<\/p>\n<p>T\u00e9l\u00e9phone (obligatoire)\n<\/p>\n<p><span class=\"wpcf7-form-control-wrap\" data-name=\"number-216\"><input class=\"wpcf7-form-control wpcf7-number wpcf7-validates-as-number\" aria-invalid=\"false\" value=\"\" type=\"number\" name=\"number-216\" \/><\/span>\n<\/p>\n<p>Destination ou R\u00e9gate souhait\u00e9e\n<\/p>\n<p><span class=\"wpcf7-form-control-wrap\" data-name=\"your-subject\"><input size=\"40\" class=\"wpcf7-form-control wpcf7-text\" aria-invalid=\"false\" value=\"\" type=\"text\" name=\"your-subject\" \/><\/span>\n<\/p>\n<p>Date de d\u00e9part souhait\u00e9e (obligatoire)\n<\/p>\n<p><span class=\"wpcf7-form-control-wrap\" data-name=\"date-796\"><input class=\"wpcf7-form-control wpcf7-date wpcf7-validates-as-date\" aria-invalid=\"false\" value=\"\" type=\"date\" name=\"date-796\" \/><\/span>\n<\/p>\n<p>Date de retour souhait\u00e9e (obligatoire)\n<\/p>\n<p><span class=\"wpcf7-form-control-wrap\" data-name=\"date-796\"><input class=\"wpcf7-form-control wpcf7-date wpcf7-validates-as-date\" aria-invalid=\"false\" value=\"\" type=\"date\" name=\"date-796\" \/><\/span>\n<\/p>\n<p>Votre message\n<\/p>\n<p><span class=\"wpcf7-form-control-wrap\" data-name=\"your-message\"><textarea cols=\"40\" rows=\"10\" class=\"wpcf7-form-control wpcf7-textarea\" aria-invalid=\"false\" name=\"your-message\"><\/textarea><\/span>\n<\/p>\n<p><input class=\"wpcf7-form-control has-spinner wpcf7-submit\" type=\"submit\" value=\"Envoyer\" \/>\n<\/p><p style=\"display: none !important;\"><label>&#916;<textarea name=\"_wpcf7_ak_hp_textarea\" cols=\"45\" rows=\"8\" maxlength=\"100\"><\/textarea><\/label><input type=\"hidden\" id=\"ak_js_1\" name=\"_wpcf7_ak_js\" value=\"195\"\/><script>document.getElementById( \"ak_js_1\" ).setAttribute( \"value\", ( new Date() ).getTime() );<\/script><\/p><div class=\"fusion-alert alert custom alert-custom fusion-alert-center wpcf7-response-output\" role=\"alert\"><div class=\"fusion-alert-content-wrapper\"><span class=\"fusion-alert-content\"><\/span><\/div><\/div>\n<\/form>\n<\/div>\n\n<\/div><div class=\"fusion-clearfix\"><\/div><\/div><\/div><div class=\"fusion-layout-column fusion_builder_column fusion-builder-column-8 fusion_builder_column_1_1 1_1 fusion-one-full fusion-column-first fusion-column-last fusion-column-no-min-height\" style=\"--awb-bg-size:cover;--awb-margin-bottom:0px;\"><div class=\"fusion-column-wrapper fusion-flex-column-wrapper-legacy\"><div class=\"fusion-sep-clear\"><\/div><div class=\"fusion-separator fusion-full-width-sep\" style=\"margin-left: auto;margin-right: auto;margin-top:10px;margin-bottom:10px;width:100%;\"><div class=\"fusion-separator-border sep-single sep-dashed\" style=\"--awb-height:20px;--awb-amount:20px;border-color:#e0dede;border-top-width:1px;\"><\/div><\/div><div class=\"fusion-sep-clear\"><\/div><div class=\"fusion-clearfix\"><\/div><\/div><\/div><div class=\"fusion-layout-column fusion_builder_column fusion-builder-column-9 fusion_builder_column_1_1 1_1 fusion-one-full fusion-column-first fusion-column-last\" style=\"--awb-bg-size:cover;\"><div class=\"fusion-column-wrapper fusion-flex-column-wrapper-legacy\"><div class=\"fusion-text fusion-text-4\"><p><a href=\"http:\/\/mwsailing.fr\/index.php\/conditions-generales\/\">Conditions g\u00e9n\u00e9rales de vente<\/a><\/p>\n<\/div><div class=\"fusion-clearfix\"><\/div><\/div><\/div><\/div><\/div><\/p>\n","protected":false},"excerpt":{"rendered":"","protected":false},"author":1,"featured_media":0,"parent":0,"menu_order":0,"comment_status":"closed","ping_status":"closed","template":"","meta":[],"_links":{"self":[{"href":"https:\/\/agosailing.com\/index.php\/wp-json\/wp\/v2\/pages\/47"}],"collection":[{"href":"https:\/\/agosailing.com\/index.php\/wp-json\/wp\/v2\/pages"}],"about":[{"href":"https:\/\/agosailing.com\/index.php\/wp-json\/wp\/v2\/types\/page"}],"author":[{"embeddable":true,"href":"https:\/\/agosailing.com\/index.php\/wp-json\/wp\/v2\/users\/1"}],"replies":[{"embeddable":true,"href":"https:\/\/agosailing.com\/index.php\/wp-json\/wp\/v2\/comments?post=47"}],"version-history":[{"count":78,"href":"https:\/\/agosailing.com\/index.php\/wp-json\/wp\/v2\/pages\/47\/revisions"}],"predecessor-version":[{"id":921,"href":"https:\/\/agosailing.com\/index.php\/wp-json\/wp\/v2\/pages\/47\/revisions\/921"}],"wp:attachment":[{"href":"https:\/\/agosailing.com\/index.php\/wp-json\/wp\/v2\/media?parent=47"}],"curies":[{"name":"wp","href":"https:\/\/api.w.org\/{rel}","templated":true}]}}