{"id":34,"date":"2016-03-22T22:14:28","date_gmt":"2016-03-22T21:14:28","guid":{"rendered":"http:\/\/mwsailing.fr\/_dev\/?page_id=34"},"modified":"2022-02-20T14:29:56","modified_gmt":"2022-02-20T12:29:56","slug":"cealac","status":"publish","type":"page","link":"https:\/\/agosailing.com\/index.php\/cealac\/","title":{"rendered":"Enjoy Cata"},"content":{"rendered":"<div class=\"fusion-fullwidth fullwidth-box fusion-builder-row-1 hundred-percent-fullwidth non-hundred-percent-height-scrolling\" style=\"--awb-border-radius-top-left:0px;--awb-border-radius-top-right:0px;--awb-border-radius-bottom-right:0px;--awb-border-radius-bottom-left:0px;--awb-overflow:visible;\" ><div class=\"fusion-builder-row fusion-row\"><div class=\"fusion-layout-column fusion_builder_column fusion-builder-column-0 fusion_builder_column_1_3 1_3 fusion-one-third fusion-column-first\" style=\"--awb-bg-size:cover;width:30.6666%; margin-right: 4%;\"><div class=\"fusion-column-wrapper fusion-flex-column-wrapper-legacy\"><div class=\"fusion-title title fusion-title-1 sep-underline sep-dotted fusion-title-text fusion-title-size-one\"><h1 class=\"title-heading-left\" style=\"margin:0;\">Enjoy Cata<\/h1><\/div><div class=\"fusion-clearfix\"><\/div><\/div><\/div><div class=\"fusion-layout-column fusion_builder_column fusion-builder-column-1 fusion_builder_column_2_3 2_3 fusion-two-third fusion-column-last\" style=\"--awb-bg-size:cover;width:65.3333%;\"><div class=\"fusion-column-wrapper fusion-flex-column-wrapper-legacy\"><div class=\"fusion-text fusion-text-1\"><p>Catamaran spacieux tr\u00e8s performant et ludique, il offre un espace de vie ext\u00e9rieur tr\u00e8s confortable.<\/p>\n<p><strong>Architectes<\/strong>\u00a0: VPLP<br \/>\n<strong>Mod\u00e8le<\/strong>\u00a0: Lagoon 450 S<br \/>\n<strong>Constructeur<\/strong>\u00a0: LAGOON<br \/>\n<strong>Ann\u00e9e de construction<\/strong> :\u00a02018<\/p>\n<p><strong>Renseignements :<\/strong> +33 (0) 781 205 477<br \/>\n<strong><a href=\"http:\/\/mwsailing.fr\/index.php\/contact\/\">&gt; Formulaire de r\u00e9servation<\/a><\/strong><\/p>\n<\/div><div class=\"fusion-clearfix\"><\/div><\/div><\/div><div class=\"fusion-layout-column fusion_builder_column fusion-builder-column-2 fusion_builder_column_1_1 1_1 fusion-one-full fusion-column-first fusion-column-last fusion-column-no-min-height\" style=\"--awb-bg-size:cover;--awb-margin-bottom:0px;\"><div class=\"fusion-column-wrapper fusion-flex-column-wrapper-legacy\"><div class=\"fusion-flip-boxes flip-boxes row fusion-columns-4 flip-effect-classic\"><div class=\"fusion-flip-box-wrapper fusion-column col-lg-3 col-md-3 col-sm-3\"><div class=\"fusion-flip-box flip-right\" tabindex=\"0\"><div class=\"flip-box-inner-wrapper\"><div class=\"flip-box-front\" style=\"--awb-icon-color:#1d7bab;--awb-border-size:1px;--awb-border-radius:4px;--awb-circle-color:#ffffff;--awb-circle-border-color:#ffffff;--awb-background-color-front:#1d7bab;--awb-title-front-color:#ffffff;--awb-text-front-color:#ffffff;\"><div class=\"flip-box-front-inner\"><div class=\"flip-box-grafix flip-box-circle\"><i aria-hidden=\"true\" class=\" fa fa-briefcase\"><\/i><\/div><h2 class=\"flip-box-heading\">Am\u00e9nagements<\/h2>Enjoy<\/div><\/div><div class=\"flip-box-back\" style=\"--awb-icon-color:#1d7bab;--awb-border-size:1px;--awb-border-radius:4px;--awb-circle-color:#ffffff;--awb-circle-border-color:#ffffff;--awb-background-color-back:#f7f7f7;--awb-title-back-color:#1d7bab;--awb-text-back-color:#1d7bab;\"><div class=\"flip-box-back-inner\"><h3 class=\"flip-box-heading-back\">Am\u00e9nagements<\/h3><strong>Capacit\u00e9 conseill\u00e9e<\/strong> : 18<br \/>\n<strong>Capacit\u00e9 couchage<\/strong> : 8<br \/>\n<strong>Nombre de cabines<\/strong> : 4<br \/>\n<strong>Capacit\u00e9 autoris\u00e9e<\/strong> : 20<\/div><\/div><\/div><\/div><\/div><div class=\"fusion-flip-box-wrapper fusion-column col-lg-3 col-md-3 col-sm-3\"><div class=\"fusion-flip-box flip-right\" tabindex=\"0\"><div class=\"flip-box-inner-wrapper\"><div class=\"flip-box-front\" style=\"--awb-icon-color:#1d7bab;--awb-border-size:1px;--awb-border-radius:4px;--awb-circle-color:#ffffff;--awb-circle-border-color:#ffffff;--awb-background-color-front:#1d7bab;--awb-title-front-color:#ffffff;--awb-text-front-color:#ffffff;\"><div class=\"flip-box-front-inner\"><div class=\"flip-box-grafix flip-box-circle\"><i aria-hidden=\"true\" class=\" fa fa-object-group\"><\/i><\/div><h2 class=\"flip-box-heading\">DIMENSIONS<\/h2>Enjoy<\/div><\/div><div class=\"flip-box-back\" style=\"--awb-icon-color:#1d7bab;--awb-border-size:1px;--awb-border-radius:4px;--awb-circle-color:#ffffff;--awb-circle-border-color:#ffffff;--awb-background-color-back:#f7f7f7;--awb-title-back-color:#1d7bab;--awb-text-back-color:#1d7bab;\"><div class=\"flip-box-back-inner\"><h3 class=\"flip-box-heading-back\">DIMENSIONS<\/h3><strong>Longueur<\/strong>\u00a0: 14,00 m<br \/>\n<strong>Largeur<\/strong> : 7,87 m<br \/>\n<strong>Tirant d\u2019eau<\/strong> : 1,30 m<\/div><\/div><\/div><\/div><\/div><div class=\"fusion-flip-box-wrapper fusion-column col-lg-3 col-md-3 col-sm-3\"><div class=\"fusion-flip-box flip-right\" tabindex=\"0\"><div class=\"flip-box-inner-wrapper\"><div class=\"flip-box-front\" style=\"--awb-icon-color:#1d7bab;--awb-border-size:1px;--awb-border-radius:4px;--awb-circle-color:#ffffff;--awb-circle-border-color:#ffffff;--awb-background-color-front:#1d7bab;--awb-title-front-color:#ffffff;--awb-text-front-color:#ffffff;\"><div class=\"flip-box-front-inner\"><div class=\"flip-box-grafix flip-box-circle\"><i aria-hidden=\"true\" class=\" fa fa-cogs\"><\/i><\/div><h2 class=\"flip-box-heading\">MOTEUR<\/h2>Enjoy<\/div><\/div><div class=\"flip-box-back\" style=\"--awb-icon-color:#1d7bab;--awb-border-size:1px;--awb-border-radius:4px;--awb-circle-color:#ffffff;--awb-circle-border-color:#ffffff;--awb-background-color-back:#f7f7f7;--awb-title-back-color:#1d7bab;--awb-text-back-color:#1d7bab;\"><div class=\"flip-box-back-inner\"><h3 class=\"flip-box-heading-back\">MOTEUR<\/h3><strong>Type de moteur<\/strong>\u00a0: In-board<br \/>\n<strong>Puissance<\/strong>\u00a0: 2 x 50 cv<br \/>\n<strong>Vitesse de croisi\u00e8re<\/strong>\u00a0: 8 n\u0153uds<br \/>\n<strong>Consommation carburant<\/strong> : 2 x 12 l\/heure<\/div><\/div><\/div><\/div><\/div><div class=\"fusion-flip-box-wrapper fusion-column col-lg-3 col-md-3 col-sm-3\"><div class=\"fusion-flip-box flip-right\" tabindex=\"0\"><div class=\"flip-box-inner-wrapper\"><div class=\"flip-box-front\" style=\"--awb-icon-color:#1d7bab;--awb-border-size:1px;--awb-border-radius:4px;--awb-circle-color:#ffffff;--awb-circle-border-color:#ffffff;--awb-background-color-front:#1d7bab;--awb-title-front-color:#ffffff;--awb-text-front-color:#ffffff;\"><div class=\"flip-box-front-inner\"><div class=\"flip-box-grafix flip-box-circle\"><i aria-hidden=\"true\" class=\" fa fa-object-group\"><\/i><\/div><h2 class=\"flip-box-heading\">TARIF<\/h2>Enjoy<\/div><\/div><div class=\"flip-box-back\" style=\"--awb-icon-color:#1d7bab;--awb-border-size:1px;--awb-border-radius:4px;--awb-circle-color:#ffffff;--awb-circle-border-color:#ffffff;--awb-background-color-back:#f7f7f7;--awb-title-back-color:#1d7bab;--awb-text-back-color:#1d7bab;\"><div class=\"flip-box-back-inner\"><h3 class=\"flip-box-heading-back\">TARIF<\/h3>A partir de<br \/>\n<strong>1440 euro TTC<br \/>\n<\/strong>&#8211;<br \/>\n<strong>18 personnes maxi<\/strong><\/div><\/div><\/div><\/div><\/div><\/div><div class=\"clearfix\"><\/div><div class=\"fusion-clearfix\"><\/div><\/div><\/div><div class=\"fusion-layout-column fusion_builder_column fusion-builder-column-3 fusion_builder_column_1_1 1_1 fusion-one-full fusion-column-first fusion-column-last\" style=\"--awb-bg-size:cover;\"><div class=\"fusion-column-wrapper fusion-flex-column-wrapper-legacy\"><div class=\"fusion-clearfix\"><\/div><\/div><\/div><\/div><\/div>\n","protected":false},"excerpt":{"rendered":"","protected":false},"author":1,"featured_media":0,"parent":0,"menu_order":0,"comment_status":"closed","ping_status":"closed","template":"100-width.php","meta":[],"_links":{"self":[{"href":"https:\/\/agosailing.com\/index.php\/wp-json\/wp\/v2\/pages\/34"}],"collection":[{"href":"https:\/\/agosailing.com\/index.php\/wp-json\/wp\/v2\/pages"}],"about":[{"href":"https:\/\/agosailing.com\/index.php\/wp-json\/wp\/v2\/types\/page"}],"author":[{"embeddable":true,"href":"https:\/\/agosailing.com\/index.php\/wp-json\/wp\/v2\/users\/1"}],"replies":[{"embeddable":true,"href":"https:\/\/agosailing.com\/index.php\/wp-json\/wp\/v2\/comments?post=34"}],"version-history":[{"count":38,"href":"https:\/\/agosailing.com\/index.php\/wp-json\/wp\/v2\/pages\/34\/revisions"}],"predecessor-version":[{"id":952,"href":"https:\/\/agosailing.com\/index.php\/wp-json\/wp\/v2\/pages\/34\/revisions\/952"}],"wp:attachment":[{"href":"https:\/\/agosailing.com\/index.php\/wp-json\/wp\/v2\/media?parent=34"}],"curies":[{"name":"wp","href":"https:\/\/api.w.org\/{rel}","templated":true}]}}