{"id":32,"date":"2016-03-22T22:13:11","date_gmt":"2016-03-22T21:13:11","guid":{"rendered":"http:\/\/mwsailing.fr\/_dev\/?page_id=32"},"modified":"2022-02-17T23:07:23","modified_gmt":"2022-02-17T21:07:23","slug":"adrenaline","status":"publish","type":"page","link":"https:\/\/agosailing.com\/index.php\/adrenaline\/","title":{"rendered":"Adr\u00e9naline"},"content":{"rendered":"<div class=\"fusion-fullwidth fullwidth-box fusion-builder-row-1 hundred-percent-fullwidth non-hundred-percent-height-scrolling\" style=\"--awb-border-radius-top-left:0px;--awb-border-radius-top-right:0px;--awb-border-radius-bottom-right:0px;--awb-border-radius-bottom-left:0px;--awb-overflow:visible;\" ><div class=\"fusion-builder-row fusion-row\"><div class=\"fusion-layout-column fusion_builder_column fusion-builder-column-0 fusion_builder_column_1_3 1_3 fusion-one-third fusion-column-first\" style=\"--awb-bg-size:cover;width:30.6666%; margin-right: 4%;\"><div class=\"fusion-column-wrapper fusion-flex-column-wrapper-legacy\"><div class=\"fusion-title title fusion-title-1 sep-underline sep-dotted fusion-title-text fusion-title-size-one\"><h1 class=\"title-heading-left\" style=\"margin:0;\">ADR\u00c9NALINE<\/h1><\/div><div class=\"fusion-clearfix\"><\/div><\/div><\/div><div class=\"fusion-layout-column fusion_builder_column fusion-builder-column-1 fusion_builder_column_2_3 2_3 fusion-two-third fusion-column-last\" style=\"--awb-bg-size:cover;width:65.3333%;\"><div class=\"fusion-column-wrapper fusion-flex-column-wrapper-legacy\"><div class=\"fusion-text fusion-text-1\"><p>Un voilier de 46 pieds, gr\u00e9\u00e9 d\u2019un m\u00e2t et d\u2019une b\u00f4me carbone avec un jeu de voiles race.<br \/>\u2014 Il vous offre un confort tr\u00e8s design et de la vitesse en toute s\u00e9curit\u00e9.<br \/>\u2014 Il est\u00a0construit en sandwich Airex \/ Epoxy\/ Carbone.<br \/>\u2014 Il poss\u00e8de 105 m\u00b2 de surface de voilure au pr\u00e9 et les spinnakers ont une surface de 190\u00a0m\u00b2.<\/p>\n<p><strong>Architecte<\/strong>\u00a0: Ian Murray<br \/><strong>Mod\u00e8le<\/strong>\u00a0: Irc 46<br \/><strong>Constructeur<\/strong>\u00a0: Bashford Sydney Yacht<br \/><strong>Ann\u00e9e de construction<\/strong> : 2001<\/p>\n<p><strong>Renseignements :<\/strong> +33 (0) 781 205 477<br \/><strong><a href=\"http:\/\/mwsailing.fr\/index.php\/contact\/\">&gt; Formulaire de r\u00e9servation<\/a><\/strong><\/p>\n<\/div><div class=\"fusion-clearfix\"><\/div><\/div><\/div><div class=\"fusion-layout-column fusion_builder_column fusion-builder-column-2 fusion_builder_column_1_1 1_1 fusion-one-full fusion-column-first fusion-column-last fusion-column-no-min-height\" style=\"--awb-bg-size:cover;--awb-margin-bottom:0px;\"><div class=\"fusion-column-wrapper fusion-flex-column-wrapper-legacy\"><div class=\"fusion-flip-boxes flip-boxes row fusion-columns-4 flip-effect-classic\"><div class=\"fusion-flip-box-wrapper fusion-column col-lg-3 col-md-3 col-sm-3\"><div class=\"fusion-flip-box flip-right\" tabindex=\"0\"><div class=\"flip-box-inner-wrapper\"><div class=\"flip-box-front\" style=\"--awb-icon-color:#1d7bab;--awb-border-size:1px;--awb-border-radius:4px;--awb-circle-color:#ffffff;--awb-circle-border-color:#ffffff;--awb-background-color-front:#1d7bab;--awb-title-front-color:#ffffff;--awb-text-front-color:#ffffff;\"><div class=\"flip-box-front-inner\"><div class=\"flip-box-grafix flip-box-circle\"><i aria-hidden=\"true\" class=\" fa fa-briefcase\"><\/i><\/div><h2 class=\"flip-box-heading\">AM\u00c9NAGEMENTS<\/h2>Adr\u00e9naline<\/div><\/div><div class=\"flip-box-back\" style=\"--awb-icon-color:#1d7bab;--awb-border-size:1px;--awb-border-radius:4px;--awb-circle-color:#ffffff;--awb-circle-border-color:#ffffff;--awb-background-color-back:#f7f7f7;--awb-title-back-color:#1d7bab;--awb-text-back-color:#1d7bab;\"><div class=\"flip-box-back-inner\"><h3 class=\"flip-box-heading-back\">AM\u00c9NAGEMENTS<\/h3><strong>Capacit\u00e9 conseill\u00e9e<\/strong> :\u00a012<br \/><strong>Capacit\u00e9 couchage<\/strong> : 7<br \/><strong>Nombre de cabines<\/strong> : 3<br \/><strong>Capacit\u00e9 autoris\u00e9e<\/strong> : 14<\/div><\/div><\/div><\/div><\/div><div class=\"fusion-flip-box-wrapper fusion-column col-lg-3 col-md-3 col-sm-3\"><div class=\"fusion-flip-box flip-right\" tabindex=\"0\"><div class=\"flip-box-inner-wrapper\"><div class=\"flip-box-front\" style=\"--awb-icon-color:#1d7bab;--awb-border-size:1px;--awb-border-radius:4px;--awb-circle-color:#ffffff;--awb-circle-border-color:#ffffff;--awb-background-color-front:#1d7bab;--awb-title-front-color:#ffffff;--awb-text-front-color:#ffffff;\"><div class=\"flip-box-front-inner\"><div class=\"flip-box-grafix flip-box-circle\"><i aria-hidden=\"true\" class=\" fa fa-object-group\"><\/i><\/div><h2 class=\"flip-box-heading\">DIMENSIONS<\/h2>Adr\u00e9naline<\/div><\/div><div class=\"flip-box-back\" style=\"--awb-icon-color:#1d7bab;--awb-border-size:1px;--awb-border-radius:4px;--awb-circle-color:#ffffff;--awb-circle-border-color:#ffffff;--awb-background-color-back:#f7f7f7;--awb-title-back-color:#1d7bab;--awb-text-back-color:#1d7bab;\"><div class=\"flip-box-back-inner\"><h3 class=\"flip-box-heading-back\">DIMENSIONS<\/h3><strong>Longueur<\/strong>\u00a0:14,\u00a050 m<br \/><strong>Largeur<\/strong> : 4, 50 m<br \/><strong>Tirant d\u2019eau<\/strong> : 3,\u00a020 m<br \/><strong>Capacit\u00e9 eau<\/strong> :\u00a0300 L<br \/><strong>Capacit\u00e9 carburant<\/strong> : 150 L<\/div><\/div><\/div><\/div><\/div><div class=\"fusion-flip-box-wrapper fusion-column col-lg-3 col-md-3 col-sm-3\"><div class=\"fusion-flip-box flip-right\" tabindex=\"0\"><div class=\"flip-box-inner-wrapper\"><div class=\"flip-box-front\" style=\"--awb-icon-color:#1d7bab;--awb-border-size:1px;--awb-border-radius:4px;--awb-circle-color:#ffffff;--awb-circle-border-color:#ffffff;--awb-background-color-front:#1d7bab;--awb-title-front-color:#ffffff;--awb-text-front-color:#ffffff;\"><div class=\"flip-box-front-inner\"><div class=\"flip-box-grafix flip-box-circle\"><i aria-hidden=\"true\" class=\" fa fa-cogs\"><\/i><\/div><h2 class=\"flip-box-heading\">MOTEUR<\/h2>Adr\u00e9naline<\/div><\/div><div class=\"flip-box-back\" style=\"--awb-icon-color:#1d7bab;--awb-border-size:1px;--awb-border-radius:4px;--awb-circle-color:#ffffff;--awb-circle-border-color:#ffffff;--awb-background-color-back:#f7f7f7;--awb-title-back-color:#1d7bab;--awb-text-back-color:#1d7bab;\"><div class=\"flip-box-back-inner\"><h3 class=\"flip-box-heading-back\">MOTEUR<\/h3><strong>Type de moteur<\/strong>\u00a0: In-board<br \/><strong>Puissance<\/strong>\u00a0: 55 cv<br \/><strong>Vitesse de croisi\u00e8re<\/strong>\u00a0: 9 n\u0153uds<br \/><strong>Consommation carburant<\/strong> : 4.5 l\/heure<\/div><\/div><\/div><\/div><\/div><div class=\"fusion-flip-box-wrapper fusion-column col-lg-3 col-md-3 col-sm-3\"><div class=\"fusion-flip-box flip-right\" tabindex=\"0\"><div class=\"flip-box-inner-wrapper\"><div class=\"flip-box-front\" style=\"--awb-icon-color:#1d7bab;--awb-border-size:1px;--awb-border-radius:4px;--awb-circle-color:#ffffff;--awb-circle-border-color:#ffffff;--awb-background-color-front:#1d7bab;--awb-title-front-color:#ffffff;--awb-text-front-color:#ffffff;\"><div class=\"flip-box-front-inner\"><div class=\"flip-box-grafix flip-box-circle\"><i aria-hidden=\"true\" class=\" fa fa-cogs\"><\/i><\/div><h2 class=\"flip-box-heading\">TARIF<\/h2>Adr\u00e9naline<\/div><\/div><div class=\"flip-box-back\" style=\"--awb-icon-color:#1d7bab;--awb-border-size:1px;--awb-border-radius:4px;--awb-circle-color:#ffffff;--awb-circle-border-color:#ffffff;--awb-background-color-back:#f7f7f7;--awb-title-back-color:#1d7bab;--awb-text-back-color:#1d7bab;\"><div class=\"flip-box-back-inner\"><h3 class=\"flip-box-heading-back\">TARIF<\/h3>A partir de<br \/><strong>560\u00a0euro TTC<br \/><\/strong>&#8211;<br \/><strong>12 personnes\u00a0maxi<\/strong><\/div><\/div><\/div><\/div><\/div><\/div><div class=\"clearfix\"><\/div><div class=\"fusion-clearfix\"><\/div><\/div><\/div><\/div><\/div>\n\n\n<p><\/p>\n","protected":false},"excerpt":{"rendered":"","protected":false},"author":1,"featured_media":0,"parent":0,"menu_order":0,"comment_status":"closed","ping_status":"closed","template":"","meta":[],"_links":{"self":[{"href":"https:\/\/agosailing.com\/index.php\/wp-json\/wp\/v2\/pages\/32"}],"collection":[{"href":"https:\/\/agosailing.com\/index.php\/wp-json\/wp\/v2\/pages"}],"about":[{"href":"https:\/\/agosailing.com\/index.php\/wp-json\/wp\/v2\/types\/page"}],"author":[{"embeddable":true,"href":"https:\/\/agosailing.com\/index.php\/wp-json\/wp\/v2\/users\/1"}],"replies":[{"embeddable":true,"href":"https:\/\/agosailing.com\/index.php\/wp-json\/wp\/v2\/comments?post=32"}],"version-history":[{"count":18,"href":"https:\/\/agosailing.com\/index.php\/wp-json\/wp\/v2\/pages\/32\/revisions"}],"predecessor-version":[{"id":897,"href":"https:\/\/agosailing.com\/index.php\/wp-json\/wp\/v2\/pages\/32\/revisions\/897"}],"wp:attachment":[{"href":"https:\/\/agosailing.com\/index.php\/wp-json\/wp\/v2\/media?parent=32"}],"curies":[{"name":"wp","href":"https:\/\/api.w.org\/{rel}","templated":true}]}}