{"id":25,"date":"2016-03-22T22:09:56","date_gmt":"2016-03-22T21:09:56","guid":{"rendered":"http:\/\/mwsailing.fr\/_dev\/?page_id=25"},"modified":"2022-02-10T12:24:10","modified_gmt":"2022-02-10T10:24:10","slug":"navigation","status":"publish","type":"page","link":"https:\/\/agosailing.com\/index.php\/navigation\/","title":{"rendered":"Navigation"},"content":{"rendered":"<div class=\"fusion-fullwidth fullwidth-box fusion-builder-row-1 hundred-percent-fullwidth non-hundred-percent-height-scrolling\" style=\"--awb-border-radius-top-left:0px;--awb-border-radius-top-right:0px;--awb-border-radius-bottom-right:0px;--awb-border-radius-bottom-left:0px;--awb-overflow:visible;\" ><div class=\"fusion-builder-row fusion-row\"><div class=\"fusion-layout-column fusion_builder_column fusion-builder-column-0 fusion_builder_column_2_5 2_5 fusion-two-fifth fusion-column-first\" style=\"--awb-bg-size:cover;width:37.6%; margin-right: 4%;\"><div class=\"fusion-column-wrapper fusion-flex-column-wrapper-legacy\"><div class=\"fusion-image-element in-legacy-container\" style=\"--awb-caption-title-size:var(--h2_typography-font-size);--awb-caption-title-transform:var(--h2_typography-text-transform);--awb-caption-title-line-height:var(--h2_typography-line-height);--awb-caption-title-letter-spacing:var(--h2_typography-letter-spacing);\"><span class=\" fusion-imageframe imageframe-none imageframe-1 hover-type-none\"><img decoding=\"async\" src=\"http:\/\/mwsailing.fr\/_dev\/wp-content\/uploads\/2016\/10\/jeanneau-57-cockpit.jpg\" alt class=\"img-responsive\"\/><\/span><\/div><div class=\"fusion-clearfix\"><\/div><\/div><\/div><div class=\"fusion-layout-column fusion_builder_column fusion-builder-column-1 fusion_builder_column_3_5 3_5 fusion-three-fifth fusion-column-last\" style=\"--awb-bg-size:cover;width:58.4%;\"><div class=\"fusion-column-wrapper fusion-flex-column-wrapper-legacy\"><div class=\"fusion-text fusion-text-1\"><p><strong>OSEZ \u00eatre co-\u00e9quipier\u2026<\/strong><\/p>\n<p>Sortie en mer toute l&rsquo;ann\u00e9e !<\/p>\n<p>Base de d\u00e9part et retour sur le site historique du Vieux-Port de Marseille et de l&rsquo;Estaques \u00e0 deux pas de l&rsquo;a\u00e9roport et de la gare de TGV.<br \/>\n<strong>GOSAILING propose des sorties en mer avec assistant de navigation, \u00e0 la journ\u00e9e, le WE ou une semaine.<\/strong><br \/>\nCes voiliers ont r\u00e9ussis \u00e0 combiner le bonheur simple de la navigation c\u00f4ti\u00e8re comme hauturi\u00e8re vers des<strong> destinations idylliques<\/strong>.\u00a0Ces <strong>voiliers d\u2019exception<\/strong> vous offre convivialit\u00e9 et performances. Chaque espace contribue \u00e0 vous procurer le plus grand plaisir en navigation.<\/p>\n<p>Le parcours, en fonction de la m\u00e9t\u00e9o et vers les merveilleux sites de <strong>la rade de Marseille<\/strong>, des <strong>Iles merveilleuses<\/strong> et pour une semaine et plus, embarquez pour d\u00e9couvrir les eaux cristallines des <strong>Iles de Porquerolles<\/strong> et de <strong>Port Cros<\/strong>, de <strong>Sainte Marguerite<\/strong>, de <strong>Saint Honora<\/strong>, de <strong>la Baie de Fort Br\u00e9gan\u00e7on<\/strong>, du <strong>Golfe de Saint Tropez<\/strong>, de <strong>la C\u00f4te d\u2019azur,<\/strong> de l\u2019<strong>\u00eele de beaut\u00e9<\/strong>\u00a0et <strong>les Bal\u00e9ares<\/strong>.\u00a0\u00a0Un v\u00e9ritable espace privil\u00e9gi\u00e9 sur l\u2019eau, rien que pour vous.<\/p>\n<p>Vous vous r\u00e9veillez en respirant le parfum magique \u00e9manant de la v\u00e9g\u00e9tation des mouillages visit\u00e9s.<\/p>\n<p>Que vous souhaitiez explorer les lieux qui vous accueillent, vous procurer des \u00e9motions fortes \u00e0 la voile, ou juste ne rien faire que lire et l\u00e9zarder au soleil, c\u2019est vous qui d\u00e9cidez.<\/p>\n<p>Rien de mieux qu\u2019un voilier pour profiter de la Grande Bleue en toute s\u00e9r\u00e9nit\u00e9.<\/p>\n<p>Projetez-vous \u00e0 bord de nos voiliers, seulement vous et votre famille, ou vos amis, ou encore vos collaborateurs avec nos assistants connaissants les zones de navigations.<\/p>\n<p>Les voiliers peuvent accueillir de <strong>10 \u00e0 16 personnes \u00e0 la journ\u00e9e\u00a0<\/strong>;<br \/>\nDe<strong> 6 \u00e0 8\u00a0<strong>personnes\u00a0<\/strong>pour un WE et une semaine.<\/strong><\/p>\n<p><strong>La r\u00e9gate<\/strong> fait partie des atouts de ces voiliers de course tr\u00e8s sensibles \u00e0 la barre et gr\u00e9\u00e9s de voiles performantes ou les sensations sont assur\u00e9es. Participer aux \u00e9v\u00e9nements r\u00e9gates les plus prestigieux de M\u00e9diterran\u00e9e (Voir le calendrier 2022)<br \/>\n<em><strong>Inscrivez votre Team aux r\u00e9gates et devenez acteur co-\u00e9quipier sur une course en r\u00e9el !<\/strong><\/em><\/p>\n<p>O\u00f9 tout simplement ! Visitez la Rade de Marseille de la c\u00f4tes bleue \u00e0 Iles verte sur <strong>notre Speed Boat de 11 m \u2018\u2019Enzo\u2019\u2019<\/strong>, embarquement pour 10<strong> personnes.<\/strong><\/p>\n<p>La technologie embarqu\u00e9e vous garantie un acc\u00e8s 4\/5G et wifi \u00e0 bord.<\/p>\n<\/div><div class=\"fusion-clearfix\"><\/div><\/div><\/div><\/div><\/div>\n","protected":false},"excerpt":{"rendered":"","protected":false},"author":1,"featured_media":0,"parent":0,"menu_order":0,"comment_status":"closed","ping_status":"closed","template":"","meta":[],"_links":{"self":[{"href":"https:\/\/agosailing.com\/index.php\/wp-json\/wp\/v2\/pages\/25"}],"collection":[{"href":"https:\/\/agosailing.com\/index.php\/wp-json\/wp\/v2\/pages"}],"about":[{"href":"https:\/\/agosailing.com\/index.php\/wp-json\/wp\/v2\/types\/page"}],"author":[{"embeddable":true,"href":"https:\/\/agosailing.com\/index.php\/wp-json\/wp\/v2\/users\/1"}],"replies":[{"embeddable":true,"href":"https:\/\/agosailing.com\/index.php\/wp-json\/wp\/v2\/comments?post=25"}],"version-history":[{"count":12,"href":"https:\/\/agosailing.com\/index.php\/wp-json\/wp\/v2\/pages\/25\/revisions"}],"predecessor-version":[{"id":869,"href":"https:\/\/agosailing.com\/index.php\/wp-json\/wp\/v2\/pages\/25\/revisions\/869"}],"wp:attachment":[{"href":"https:\/\/agosailing.com\/index.php\/wp-json\/wp\/v2\/media?parent=25"}],"curies":[{"name":"wp","href":"https:\/\/api.w.org\/{rel}","templated":true}]}}