{"id":233,"date":"2016-03-30T22:25:54","date_gmt":"2016-03-30T21:25:54","guid":{"rendered":"http:\/\/mwsailing.fr\/_dev\/?page_id=233"},"modified":"2022-02-17T23:19:54","modified_gmt":"2022-02-17T21:19:54","slug":"zampa","status":"publish","type":"page","link":"https:\/\/agosailing.com\/index.php\/zampa\/","title":{"rendered":"Enzo Speed Boat"},"content":{"rendered":"<div class=\"fusion-fullwidth fullwidth-box fusion-builder-row-1 hundred-percent-fullwidth non-hundred-percent-height-scrolling\" style=\"--awb-border-radius-top-left:0px;--awb-border-radius-top-right:0px;--awb-border-radius-bottom-right:0px;--awb-border-radius-bottom-left:0px;--awb-overflow:visible;\" ><div class=\"fusion-builder-row fusion-row\"><div class=\"fusion-layout-column fusion_builder_column fusion-builder-column-0 fusion_builder_column_1_3 1_3 fusion-one-third fusion-column-first\" style=\"--awb-bg-size:cover;width:30.6666%; margin-right: 4%;\"><div class=\"fusion-column-wrapper fusion-flex-column-wrapper-legacy\"><div class=\"fusion-title title fusion-title-1 sep-underline sep-dotted fusion-title-text fusion-title-size-one\"><h1 class=\"title-heading-left\" style=\"margin:0;\">ENZO<\/h1><\/div><div class=\"fusion-clearfix\"><\/div><\/div><\/div><div class=\"fusion-layout-column fusion_builder_column fusion-builder-column-1 fusion_builder_column_2_3 2_3 fusion-two-third fusion-column-last\" style=\"--awb-bg-size:cover;width:65.3333%;\"><div class=\"fusion-column-wrapper fusion-flex-column-wrapper-legacy\"><div class=\"fusion-text fusion-text-1\"><p><strong>Naviguez dans le plus grand des conforts \u00e0 haute vitesse et en toute s\u00e9curit\u00e9<br \/>\n<\/strong>Cet \u00e9l\u00e9gant semi rigide, <strong>\u2018\u2019Enzo\u2019\u2019<\/strong> r\u00e9ussit \u00e0 combiner le bonheur simple de la navigation c\u00f4ti\u00e8re comme hauturi\u00e8re vers des destinations idylliques avec un agencement digne d\u2019un complexe haut de gamme.<br \/>\nNotre Speed Boat d\u2019exception, vous offre confort et performances avec ses moteurs YAMAHA V8 en 2 x 350 cv, qui vous porterons a plus de 70 n\u0153uds dans des conditions optimales. Chaque espace contribue \u00e0 vous procurer le plus grand plaisir en navigation.<\/p>\n<p><strong>Mod\u00e8le<\/strong> : Prince 34<\/p>\n<p><strong>Constructeur<\/strong> : Nuova Jolly<\/p>\n<p><strong style=\"line-height: 1.5;\">Ann\u00e9e de construction<\/strong><span style=\"line-height: 1.5;\"> : 2018<\/span><\/p>\n<p><strong>Renseignements :<\/strong> +33 (0) 781 205 477<br \/>\n<strong><a href=\"http:\/\/mwsailing.fr\/index.php\/contact\/\">&gt; Formulaire de r\u00e9servation<\/a><\/strong><\/p>\n<\/div><div class=\"fusion-clearfix\"><\/div><\/div><\/div><div class=\"fusion-layout-column fusion_builder_column fusion-builder-column-2 fusion_builder_column_1_1 1_1 fusion-one-full fusion-column-first fusion-column-last fusion-column-no-min-height\" style=\"--awb-bg-size:cover;--awb-margin-bottom:0px;\"><div class=\"fusion-column-wrapper fusion-flex-column-wrapper-legacy\"><div class=\"fusion-flip-boxes flip-boxes row fusion-columns-4 flip-effect-classic\"><div class=\"fusion-flip-box-wrapper fusion-column col-lg-3 col-md-3 col-sm-3\"><div class=\"fusion-flip-box flip-right\" tabindex=\"0\"><div class=\"flip-box-inner-wrapper\"><div class=\"flip-box-front\" style=\"--awb-icon-color:#1d7bab;--awb-border-size:1px;--awb-border-radius:4px;--awb-circle-color:#ffffff;--awb-circle-border-color:#ffffff;--awb-background-color-front:#1d7bab;--awb-title-front-color:#ffffff;--awb-text-front-color:#ffffff;\"><div class=\"flip-box-front-inner\"><div class=\"flip-box-grafix flip-box-circle\"><i aria-hidden=\"true\" class=\" fa fa-briefcase\"><\/i><\/div><h2 class=\"flip-box-heading\">AM\u00c9NAGEMENTS<\/h2>Enzo<\/div><\/div><div class=\"flip-box-back\" style=\"--awb-icon-color:#1d7bab;--awb-border-size:1px;--awb-border-radius:4px;--awb-circle-color:#ffffff;--awb-circle-border-color:#ffffff;--awb-background-color-back:#f7f7f7;--awb-title-back-color:#1d7bab;--awb-text-back-color:#1d7bab;\"><div class=\"flip-box-back-inner\"><h3 class=\"flip-box-heading-back\">AM\u00c9NAGEMENTS<\/h3><strong>Capacit\u00e9 conseill\u00e9e<\/strong> :\u00a010<br \/>\n<strong>Capacit\u00e9 couchage<\/strong> : 2<br \/>\n<strong>Nombre de cabines<\/strong> : 1<br \/>\n<strong>Capacit\u00e9 autoris\u00e9e<\/strong> : 16<\/div><\/div><\/div><\/div><\/div><div class=\"fusion-flip-box-wrapper fusion-column col-lg-3 col-md-3 col-sm-3\"><div class=\"fusion-flip-box flip-right\" tabindex=\"0\"><div class=\"flip-box-inner-wrapper\"><div class=\"flip-box-front\" style=\"--awb-icon-color:#1d7bab;--awb-border-size:1px;--awb-border-radius:4px;--awb-circle-color:#ffffff;--awb-circle-border-color:#ffffff;--awb-background-color-front:#1d7bab;--awb-title-front-color:#ffffff;--awb-text-front-color:#ffffff;\"><div class=\"flip-box-front-inner\"><div class=\"flip-box-grafix flip-box-circle\"><i aria-hidden=\"true\" class=\" fa fa-object-group\"><\/i><\/div><h2 class=\"flip-box-heading\">DIMENSIONS<\/h2>Enzo<\/div><\/div><div class=\"flip-box-back\" style=\"--awb-icon-color:#1d7bab;--awb-border-size:1px;--awb-border-radius:4px;--awb-circle-color:#ffffff;--awb-circle-border-color:#ffffff;--awb-background-color-back:#f7f7f7;--awb-title-back-color:#1d7bab;--awb-text-back-color:#1d7bab;\"><div class=\"flip-box-back-inner\"><h3 class=\"flip-box-heading-back\">DIMENSIONS<\/h3><strong>Longueur de coque :<\/strong> 10.98 m<br \/>\n<strong>Largeur de coque :<\/strong> 2,75 m<br \/>\n<strong>Tirant d\u2019eau :<\/strong> 0.70 m<br \/>\n<strong>Capacit\u00e9 carburant :<\/strong> 520 L<br \/>\n<strong>Capacit\u00e9 eau :<\/strong> 150 L<\/div><\/div><\/div><\/div><\/div><div class=\"fusion-flip-box-wrapper fusion-column col-lg-3 col-md-3 col-sm-3\"><div class=\"fusion-flip-box flip-right\" tabindex=\"0\"><div class=\"flip-box-inner-wrapper\"><div class=\"flip-box-front\" style=\"--awb-icon-color:#1d7bab;--awb-border-size:1px;--awb-border-radius:4px;--awb-circle-color:#ffffff;--awb-circle-border-color:#ffffff;--awb-background-color-front:#1d7bab;--awb-title-front-color:#ffffff;--awb-text-front-color:#ffffff;\"><div class=\"flip-box-front-inner\"><div class=\"flip-box-grafix flip-box-circle\"><i aria-hidden=\"true\" class=\" fa fa-cogs\"><\/i><\/div><h2 class=\"flip-box-heading\">MOTEURS<\/h2>Enzo<\/div><\/div><div class=\"flip-box-back\" style=\"--awb-icon-color:#1d7bab;--awb-border-size:1px;--awb-border-radius:4px;--awb-circle-color:#ffffff;--awb-circle-border-color:#ffffff;--awb-background-color-back:#f7f7f7;--awb-title-back-color:#1d7bab;--awb-text-back-color:#1d7bab;\"><div class=\"flip-box-back-inner\"><h3 class=\"flip-box-heading-back\">MOTEURS<\/h3><strong>Type de moteur<\/strong>\u00a0: H-board<br \/>\n<strong>Puissance<\/strong> : 2 X 350 cv \/ <strong>Conso<\/strong> : 60 L\/H<br \/>\n<strong>Cat\u00e9gorie<\/strong>\u00a0: CE A13 \/ B14 \/ C16<br \/>\n<strong>Surface bimini total :<\/strong> 25.95 m\u00b2<\/div><\/div><\/div><\/div><\/div><div class=\"fusion-flip-box-wrapper fusion-column col-lg-3 col-md-3 col-sm-3\"><div class=\"fusion-flip-box flip-right\" tabindex=\"0\"><div class=\"flip-box-inner-wrapper\"><div class=\"flip-box-front\" style=\"--awb-icon-color:#1d7bab;--awb-border-size:1px;--awb-border-radius:4px;--awb-circle-color:#ffffff;--awb-circle-border-color:#ffffff;--awb-background-color-front:#1d7bab;--awb-title-front-color:#ffffff;--awb-text-front-color:#ffffff;\"><div class=\"flip-box-front-inner\"><div class=\"flip-box-grafix flip-box-circle\"><i aria-hidden=\"true\" class=\" fa fa-cogs\"><\/i><\/div><h2 class=\"flip-box-heading\">TARIF<\/h2>Enzo<\/div><\/div><div class=\"flip-box-back\" style=\"--awb-icon-color:#1d7bab;--awb-border-size:1px;--awb-border-radius:4px;--awb-circle-color:#ffffff;--awb-circle-border-color:#ffffff;--awb-background-color-back:#f7f7f7;--awb-title-back-color:#1d7bab;--awb-text-back-color:#1d7bab;\"><div class=\"flip-box-back-inner\"><h3 class=\"flip-box-heading-back\">TARIF<\/h3>A partir de<br \/>\n<strong>1000 euro TTC<br \/>\n<\/strong>&#8211;<br \/>\n<strong>10 personnes maxi<\/strong><\/div><\/div><\/div><\/div><\/div><\/div><div class=\"clearfix\"><\/div><div class=\"fusion-clearfix\"><\/div><\/div><\/div><\/div><\/div>\n","protected":false},"excerpt":{"rendered":"","protected":false},"author":1,"featured_media":0,"parent":0,"menu_order":0,"comment_status":"closed","ping_status":"closed","template":"","meta":[],"_links":{"self":[{"href":"https:\/\/agosailing.com\/index.php\/wp-json\/wp\/v2\/pages\/233"}],"collection":[{"href":"https:\/\/agosailing.com\/index.php\/wp-json\/wp\/v2\/pages"}],"about":[{"href":"https:\/\/agosailing.com\/index.php\/wp-json\/wp\/v2\/types\/page"}],"author":[{"embeddable":true,"href":"https:\/\/agosailing.com\/index.php\/wp-json\/wp\/v2\/users\/1"}],"replies":[{"embeddable":true,"href":"https:\/\/agosailing.com\/index.php\/wp-json\/wp\/v2\/comments?post=233"}],"version-history":[{"count":18,"href":"https:\/\/agosailing.com\/index.php\/wp-json\/wp\/v2\/pages\/233\/revisions"}],"predecessor-version":[{"id":905,"href":"https:\/\/agosailing.com\/index.php\/wp-json\/wp\/v2\/pages\/233\/revisions\/905"}],"wp:attachment":[{"href":"https:\/\/agosailing.com\/index.php\/wp-json\/wp\/v2\/media?parent=233"}],"curies":[{"name":"wp","href":"https:\/\/api.w.org\/{rel}","templated":true}]}}