{"id":23,"date":"2016-03-22T22:09:21","date_gmt":"2016-03-22T21:09:21","guid":{"rendered":"http:\/\/mwsailing.fr\/_dev\/?page_id=23"},"modified":"2022-02-20T13:24:35","modified_gmt":"2022-02-20T11:24:35","slug":"nos-bateaux","status":"publish","type":"page","link":"https:\/\/agosailing.com\/index.php\/nos-bateaux\/","title":{"rendered":"Nos bateaux"},"content":{"rendered":"\n<p class=\"has-medium-font-size\"><em>Choisissez dans le menu d\u00e9roulant le bateau que vous d\u00e9sirez consulter !<\/em><\/p>\n\n\n\n<p class=\"has-medium-font-size\"><em>Pour les demandes sp\u00e9cifiques, prenez contact !<\/em><\/p>\n\n\n\n<p class=\"has-medium-font-size\">contact@agosailing.com<\/p>\n\n\n\n<h1 id=\"00-33-781-205-477-de-8h-a-20h\"><strong>00 33 781 205 477<\/strong> <em>de 8h \u00e0 20h<\/em><\/h1>\n\n\n\n<p><em>Vous allez visualiser les unit\u00e9s confi\u00e9es en Gestion \/ Location par les propri\u00e9taire qui nous font confiance !<\/em><\/p>\n","protected":false},"excerpt":{"rendered":"<p>Choisissez dans le menu d\u00e9roulant le bateau que vous d\u00e9sirez consulter ! Pour les demandes sp\u00e9cifiques, prenez contact ! contact@agosailing.com 00 33 781 205 477 de 8h \u00e0 20h Vous allez visualiser les unit\u00e9s confi\u00e9es en Gestion \/ Location par les propri\u00e9taire qui nous font confiance !<\/p>\n","protected":false},"author":1,"featured_media":758,"parent":0,"menu_order":0,"comment_status":"closed","ping_status":"closed","template":"","meta":[],"_links":{"self":[{"href":"https:\/\/agosailing.com\/index.php\/wp-json\/wp\/v2\/pages\/23"}],"collection":[{"href":"https:\/\/agosailing.com\/index.php\/wp-json\/wp\/v2\/pages"}],"about":[{"href":"https:\/\/agosailing.com\/index.php\/wp-json\/wp\/v2\/types\/page"}],"author":[{"embeddable":true,"href":"https:\/\/agosailing.com\/index.php\/wp-json\/wp\/v2\/users\/1"}],"replies":[{"embeddable":true,"href":"https:\/\/agosailing.com\/index.php\/wp-json\/wp\/v2\/comments?post=23"}],"version-history":[{"count":11,"href":"https:\/\/agosailing.com\/index.php\/wp-json\/wp\/v2\/pages\/23\/revisions"}],"predecessor-version":[{"id":931,"href":"https:\/\/agosailing.com\/index.php\/wp-json\/wp\/v2\/pages\/23\/revisions\/931"}],"wp:featuredmedia":[{"embeddable":true,"href":"https:\/\/agosailing.com\/index.php\/wp-json\/wp\/v2\/media\/758"}],"wp:attachment":[{"href":"https:\/\/agosailing.com\/index.php\/wp-json\/wp\/v2\/media?parent=23"}],"curies":[{"name":"wp","href":"https:\/\/api.w.org\/{rel}","templated":true}]}}