{"id":19,"date":"2016-03-22T22:00:02","date_gmt":"2016-03-22T21:00:02","guid":{"rendered":"http:\/\/mwsailing.fr\/_dev\/?page_id=19"},"modified":"2020-02-27T22:48:45","modified_gmt":"2020-02-27T20:48:45","slug":"qui-sommes-nous","status":"publish","type":"page","link":"https:\/\/agosailing.com\/index.php\/qui-sommes-nous\/","title":{"rendered":"Notre engagement"},"content":{"rendered":"<div class=\"fusion-fullwidth fullwidth-box fusion-builder-row-1 hundred-percent-fullwidth non-hundred-percent-height-scrolling\" style=\"--awb-border-radius-top-left:0px;--awb-border-radius-top-right:0px;--awb-border-radius-bottom-right:0px;--awb-border-radius-bottom-left:0px;--awb-overflow:visible;\" ><div class=\"fusion-builder-row fusion-row\"><div class=\"fusion-layout-column fusion_builder_column fusion-builder-column-0 fusion_builder_column_2_5 2_5 fusion-two-fifth fusion-column-first\" style=\"--awb-bg-size:cover;width:37.6%; margin-right: 4%;\"><div class=\"fusion-column-wrapper fusion-flex-column-wrapper-legacy\"><div class=\"fusion-image-element in-legacy-container\" style=\"--awb-caption-title-size:var(--h2_typography-font-size);--awb-caption-title-transform:var(--h2_typography-text-transform);--awb-caption-title-line-height:var(--h2_typography-line-height);--awb-caption-title-letter-spacing:var(--h2_typography-letter-spacing);\"><span class=\" fusion-imageframe imageframe-none imageframe-1 hover-type-none\"><img decoding=\"async\" src=\"http:\/\/mwsailing.fr\/_dev\/wp-content\/uploads\/2016\/03\/barre.jpg\" alt class=\"img-responsive\"\/><\/span><\/div><div class=\"fusion-clearfix\"><\/div><\/div><\/div><div class=\"fusion-layout-column fusion_builder_column fusion-builder-column-1 fusion_builder_column_3_5 3_5 fusion-three-fifth fusion-column-last\" style=\"--awb-bg-size:cover;width:58.4%;\"><div class=\"fusion-column-wrapper fusion-flex-column-wrapper-legacy\"><div class=\"fusion-text fusion-text-1\"><p><strong>\u00a0L&rsquo;entreprise GOSAILING\u2026<\/strong><\/p>\n<p>Depuis sa cr\u00e9ation, le monde de la navigation \u00e0 la voile et de la course au large a connu des changements importants. Le nombre et la taille des bateaux ont augment\u00e9s, leur complexit\u00e9 technique s\u2019est intensifi\u00e9e, la l\u00e9gislation, les normes et les standards de s\u00e9curit\u00e9 ont radicalement chang\u00e9.<\/p>\n<p><strong>GOSAILING <\/strong>est \u00e0 l\u2019initiative de passionn\u00e9s de voile, et plus particuli\u00e8rement de voiliers habitables de course avec une volont\u00e9 :<br \/>\nFaire d\u00e9couvrir, vivre et partager la mer au plus grand nombre sur des bateaux atypiques et accessibles \u00e0 tous.<\/p>\n<p>Pour garantir <strong>des sorties en mer de qualit\u00e9<\/strong>, GOSAILING s\u2019est attach\u00e9 la collaboration de professionnels dipl\u00f4m\u00e9s, s\u00e9lectionn\u00e9s pour leurs comp\u00e9tences et exp\u00e9rience, mais aussi pour leurs qualit\u00e9s humaines et relationnelles.<\/p>\n<p>En d\u00e9cidant de s\u2019appuyer sur <strong>des personnalit\u00e9s du monde de la voile locale<\/strong> Marseillaise pour conforter son d\u00e9veloppement, GOSAILING n\u2019a fait que mettre en \u0153uvre sa conviction que les qualit\u00e9s d\u2019entreprendre sont celles des marins navigateurs : anticipation, rigueur, t\u00e9nacit\u00e9 et surtout la convivialit\u00e9.<\/p>\n<p>En choisissant des marins chevronn\u00e9s, GOSAILING permet \u00e0 ses clients de b\u00e9n\u00e9ficier de leur<strong> grande exp\u00e9rience du nautisme et d\u2019une v\u00e9ritable expertise technologique du monde de la navigation \u00e0 la voile.<\/strong><\/p>\n<p><strong>Acteur de r\u00e9f\u00e9rence de la voile en course et en croisi\u00e8re,<\/strong>\u00a0GOSAILING s\u2019est par ailleurs d\u00e9velopp\u00e9 avec succ\u00e8s depuis plusieurs ann\u00e9es dans la r\u00e9gate et la location de voilier tr\u00e8s puissants et performants.<\/p>\n<p>Aujourd\u2019hui GOSAILING propose <strong>une s\u00e9lection de voiliers parmi les plus atypiques<\/strong> actuellement disponibles dans le\u00a0monde du nautisme<\/p>\n<p>GOSAILING est implant\u00e9e \u00e0 Marseille aux pieds des monuments les plus antiques et prestigieux de la cit\u00e9 Phoc\u00e9enne.<\/p>\n<p><strong>GOSAILING est anim\u00e9e par la volont\u00e9 d\u2019\u00e9tablir des relations humaines de qualit\u00e9 \u00e0 travers la voile.<\/strong><\/p>\n<p>Bon vent !<\/p>\n<\/div><div class=\"fusion-clearfix\"><\/div><\/div><\/div><\/div><\/div>\n","protected":false},"excerpt":{"rendered":"","protected":false},"author":1,"featured_media":0,"parent":0,"menu_order":0,"comment_status":"closed","ping_status":"closed","template":"","meta":[],"_links":{"self":[{"href":"https:\/\/agosailing.com\/index.php\/wp-json\/wp\/v2\/pages\/19"}],"collection":[{"href":"https:\/\/agosailing.com\/index.php\/wp-json\/wp\/v2\/pages"}],"about":[{"href":"https:\/\/agosailing.com\/index.php\/wp-json\/wp\/v2\/types\/page"}],"author":[{"embeddable":true,"href":"https:\/\/agosailing.com\/index.php\/wp-json\/wp\/v2\/users\/1"}],"replies":[{"embeddable":true,"href":"https:\/\/agosailing.com\/index.php\/wp-json\/wp\/v2\/comments?post=19"}],"version-history":[{"count":9,"href":"https:\/\/agosailing.com\/index.php\/wp-json\/wp\/v2\/pages\/19\/revisions"}],"predecessor-version":[{"id":720,"href":"https:\/\/agosailing.com\/index.php\/wp-json\/wp\/v2\/pages\/19\/revisions\/720"}],"wp:attachment":[{"href":"https:\/\/agosailing.com\/index.php\/wp-json\/wp\/v2\/media?parent=19"}],"curies":[{"name":"wp","href":"https:\/\/api.w.org\/{rel}","templated":true}]}}